{"id":184,"date":"2018-01-04T11:08:36","date_gmt":"2018-01-04T13:08:36","guid":{"rendered":"http:\/\/www.abflp.org.br\/congresso\/?page_id=184"},"modified":"2024-02-21T12:30:07","modified_gmt":"2024-02-21T15:30:07","slug":"hospedagem","status":"publish","type":"page","link":"https:\/\/www.abflp.org.br\/congresso\/hospedagem\/","title":{"rendered":"Hospedagem"},"content":{"rendered":"<p>O Royal Palm possui 3 categorias de Hot\u00e9is e tamb\u00e9m h\u00e1 outras op\u00e7\u00f5es de hot\u00e9is de outras redes pr\u00f3ximos ao espa\u00e7o de eventos.<\/p>\n<p>Consulte a Ag\u00eancia de Viagens oficial do evento!<\/p>\n<p>FELLINI TURISMO<\/p>\n<p>Saize Silva \u2013 +55 11 93017 7340<br \/>\n Email: <a href=\"mailto:saize@fellinievents.com.br\">saize@fellinievents.com.br<\/a><\/p>\n<p>Camila Modri \u2013 +55 21 97186 2670<br \/>\n Email: <a href=\"mailto:camila@fellinievents.com.br\">camila@fellinievents.com.br<\/a><\/p>\n<p><strong>Estrangeiros: verifiquem a necessidade de visto para entrada no Brasil. A organiza\u00e7\u00e3o do Congresso n\u00e3o se responsabiliza pela emiss\u00e3o de visto. Sendo assim, solicitamos que o interessado certifique-se antes de programar a viagem e consulte os canais oficiais do consulado de sua cidade.<\/strong><br \/>\n<!--\n\n<h2>Ag\u00eancia Oficial<\/h2>\n\n\n<img decoding=\"async\" style=\"width: 100%; padding: 60px; border: solid 1px #3763ba;\" src=\"http:\/\/www.abflp.org.br\/congresso\/wp-content\/uploads\/2023\/03\/luck__alta-removebg-preview.png\" \/>\n\n<img decoding=\"async\" class=\"size-full wp-image-905 aligncenter\" src=\"http:\/\/www.abflp.org.br\/congresso\/wp-content\/uploads\/2023\/05\/image02.jpeg\" alt=\"\" width=\"100%\" \/>\n\n\n<div class=\"row\">\n\n\n<div class=\"col-lg-4 col-12\"><img decoding=\"async\" style=\"width: 100%; margin: 15px 0; height: 240px; object-fit: cover;\" src=\"http:\/\/www.abflp.org.br\/congresso\/wp-content\/uploads\/2023\/03\/EDIT-4.png\" \/><\/div>\n\n\n\n\n<div class=\"col-lg-4 col-12\"><img decoding=\"async\" style=\"width: 100%; margin: 15px 0; height: 240px; object-fit: cover;\" src=\"http:\/\/www.abflp.org.br\/congresso\/wp-content\/uploads\/2023\/03\/EDIT-27.png\" \/><\/div>\n\n\n\n\n<div class=\"col-lg-4 col-12\"><img decoding=\"async\" style=\"width: 100%; margin: 15px 0; height: 240px; object-fit: cover;\" src=\"http:\/\/www.abflp.org.br\/congresso\/wp-content\/uploads\/2023\/03\/marco-zero-sala-de-cacau.png\" \/><\/div>\n\n\n\n\n<div class=\"col-lg-6 col-12\"><img decoding=\"async\" style=\"width: 100%; margin: 15px 0; height: 200px; object-fit: cover;\" src=\"http:\/\/www.abflp.org.br\/congresso\/wp-content\/uploads\/2023\/03\/post-paisagem.png\" \/><\/div>\n\n\n\n\n<div class=\"col-lg-6 col-12\"><img decoding=\"async\" style=\"width: 100%; margin: 15px 0; height: 200px; object-fit: cover;\" src=\"http:\/\/www.abflp.org.br\/congresso\/wp-content\/uploads\/2023\/03\/Edit-11.png\" \/><\/div>\n\n\n<\/div>\n\n--><\/p>\n","protected":false},"excerpt":{"rendered":"<p>O Royal Palm possui 3 categorias de Hot\u00e9is e tamb\u00e9m h\u00e1 outras op\u00e7\u00f5es de hot\u00e9is de outras redes pr\u00f3ximos ao espa\u00e7o de eventos. Consulte a Ag\u00eancia de Viagens oficial do evento! FELLINI TURISMO Saize Silva \u2013 +55 11 93017 7340 Email: saize@fellinievents.com.br Camila Modri \u2013 +55 21 97186 2670 Email: camila@fellinievents.com.br Estrangeiros: verifiquem a necessidade de visto para entrada no Brasil. A organiza\u00e7\u00e3o do Congresso n\u00e3o se responsabiliza pela emiss\u00e3o de visto. Sendo assim, solicitamos [&hellip;]<\/p>\n","protected":false},"author":1,"featured_media":0,"parent":0,"menu_order":0,"comment_status":"closed","ping_status":"closed","template":"page-congresso.php","meta":{"_acf_changed":false,"footnotes":""},"class_list":["post-184","page","type-page","status-publish","hentry"],"acf":[],"aioseo_notices":[],"_links":{"self":[{"href":"https:\/\/www.abflp.org.br\/congresso\/wp-json\/wp\/v2\/pages\/184","targetHints":{"allow":["GET"]}}],"collection":[{"href":"https:\/\/www.abflp.org.br\/congresso\/wp-json\/wp\/v2\/pages"}],"about":[{"href":"https:\/\/www.abflp.org.br\/congresso\/wp-json\/wp\/v2\/types\/page"}],"author":[{"embeddable":true,"href":"https:\/\/www.abflp.org.br\/congresso\/wp-json\/wp\/v2\/users\/1"}],"replies":[{"embeddable":true,"href":"https:\/\/www.abflp.org.br\/congresso\/wp-json\/wp\/v2\/comments?post=184"}],"version-history":[{"count":53,"href":"https:\/\/www.abflp.org.br\/congresso\/wp-json\/wp\/v2\/pages\/184\/revisions"}],"predecessor-version":[{"id":1112,"href":"https:\/\/www.abflp.org.br\/congresso\/wp-json\/wp\/v2\/pages\/184\/revisions\/1112"}],"wp:attachment":[{"href":"https:\/\/www.abflp.org.br\/congresso\/wp-json\/wp\/v2\/media?parent=184"}],"curies":[{"name":"wp","href":"https:\/\/api.w.org\/{rel}","templated":true}]}}