{"id":22,"date":"2017-10-27T17:35:14","date_gmt":"2017-10-27T19:35:14","guid":{"rendered":"http:\/\/www.abflp.org.br\/congresso\/?page_id=22"},"modified":"2026-02-27T11:39:40","modified_gmt":"2026-02-27T14:39:40","slug":"sobre-o-evento","status":"publish","type":"page","link":"https:\/\/www.abflp.org.br\/congresso\/sobre-o-evento\/","title":{"rendered":"Sobre o Evento"},"content":{"rendered":"<p><img loading=\"lazy\" decoding=\"async\" class=\"alignnone size-full wp-image-1169\" src=\"http:\/\/www.abflp.org.br\/congresso\/wp-content\/uploads\/2026\/02\/LOGO_CONGRESSO_ABCCMF-ABFLP_2026_Vertical.jpg.jpeg\" alt=\"\" width=\"1005\" height=\"475\" srcset=\"https:\/\/www.abflp.org.br\/congresso\/wp-content\/uploads\/2026\/02\/LOGO_CONGRESSO_ABCCMF-ABFLP_2026_Vertical.jpg.jpeg 1005w, https:\/\/www.abflp.org.br\/congresso\/wp-content\/uploads\/2026\/02\/LOGO_CONGRESSO_ABCCMF-ABFLP_2026_Vertical.jpg-300x142.jpeg 300w, https:\/\/www.abflp.org.br\/congresso\/wp-content\/uploads\/2026\/02\/LOGO_CONGRESSO_ABCCMF-ABFLP_2026_Vertical.jpg-768x363.jpeg 768w, https:\/\/www.abflp.org.br\/congresso\/wp-content\/uploads\/2026\/02\/LOGO_CONGRESSO_ABCCMF-ABFLP_2026_Vertical.jpg-220x104.jpeg 220w\" sizes=\"auto, (max-width: 1005px) 100vw, 1005px\" \/><\/p>\n<p><strong><em>3 congressos em 1 s\u00f3 evento!<\/em><\/strong><\/p>\n<p>A Associa\u00e7\u00e3o Brasileira de Cirurgia Cr\u00e2nio-Maxilo-Facial (ABCCMF) e a Associa\u00e7\u00e3o Brasileira de Fissura L\u00e1bio Palatina (ABFLP) est\u00e3o se dedicando ao m\u00e1ximo para repetir o feito do Congresso de 2024, realizado no Royal Palm Hall, em Campinas, onde reunimos cerca de 600 participantes de equipes multidisciplinares de 14 pa\u00edses.<br \/>\nO Congresso tem data marcada para acontecer de 10 a 12 de setembro de 2026, no Centro de Conven\u00e7\u00f5es Frei Caneca, em S\u00e3o Paulo.<br \/>\nEsta edi\u00e7\u00e3o ser\u00e1 um grande marco para a divulga\u00e7\u00e3o de novas t\u00e9cnicas e trabalhos cir\u00fargicos que muito contribuem para os avan\u00e7os nos tratamentos e reabilita\u00e7\u00e3o dos pacientes com fissuras l\u00e1bio palatinas e demais anomalias craniofaciais.<\/p>\n<p>P\u00fablico-alvo<br \/>\nO evento espera reunir cerca de 700 profissionais das \u00e1reas da cirurgia pl\u00e1stica, cirurgia craniofacial, cabe\u00e7a e pesco\u00e7o, otorrinolaringia, neurocirurgia, odontologia, fonoaudiologia, psicologia, enfermagem, buco-maxilos entre outras.<\/p>\n<p>Acesse o site oficial do Congresso ABFLP e ABCCMF 2026<\/p>\n<p><a class=\"inscricao\" href=\"https:\/\/www.congressoabccmf.org.br\/\">Inscreva-se<\/a><\/p>\n","protected":false},"excerpt":{"rendered":"<p>3 congressos em 1 s\u00f3 evento! A Associa\u00e7\u00e3o Brasileira de Cirurgia Cr\u00e2nio-Maxilo-Facial (ABCCMF) e a Associa\u00e7\u00e3o Brasileira de Fissura L\u00e1bio Palatina (ABFLP) est\u00e3o se dedicando ao m\u00e1ximo para repetir o feito do Congresso de 2024, realizado no Royal Palm Hall, em Campinas, onde reunimos cerca de 600 participantes de equipes multidisciplinares de 14 pa\u00edses. O Congresso tem data marcada para acontecer de 10 a 12 de setembro de 2026, no Centro de Conven\u00e7\u00f5es Frei Caneca, [&hellip;]<\/p>\n","protected":false},"author":1,"featured_media":0,"parent":0,"menu_order":0,"comment_status":"closed","ping_status":"closed","template":"page-congresso.php","meta":{"_acf_changed":false,"footnotes":""},"class_list":["post-22","page","type-page","status-publish","hentry"],"acf":[],"aioseo_notices":[],"_links":{"self":[{"href":"https:\/\/www.abflp.org.br\/congresso\/wp-json\/wp\/v2\/pages\/22","targetHints":{"allow":["GET"]}}],"collection":[{"href":"https:\/\/www.abflp.org.br\/congresso\/wp-json\/wp\/v2\/pages"}],"about":[{"href":"https:\/\/www.abflp.org.br\/congresso\/wp-json\/wp\/v2\/types\/page"}],"author":[{"embeddable":true,"href":"https:\/\/www.abflp.org.br\/congresso\/wp-json\/wp\/v2\/users\/1"}],"replies":[{"embeddable":true,"href":"https:\/\/www.abflp.org.br\/congresso\/wp-json\/wp\/v2\/comments?post=22"}],"version-history":[{"count":34,"href":"https:\/\/www.abflp.org.br\/congresso\/wp-json\/wp\/v2\/pages\/22\/revisions"}],"predecessor-version":[{"id":1175,"href":"https:\/\/www.abflp.org.br\/congresso\/wp-json\/wp\/v2\/pages\/22\/revisions\/1175"}],"wp:attachment":[{"href":"https:\/\/www.abflp.org.br\/congresso\/wp-json\/wp\/v2\/media?parent=22"}],"curies":[{"name":"wp","href":"https:\/\/api.w.org\/{rel}","templated":true}]}}