{"id":25,"date":"2017-10-27T17:40:24","date_gmt":"2017-10-27T19:40:24","guid":{"rendered":"http:\/\/www.abflp.org.br\/congresso\/?page_id=25"},"modified":"2024-02-21T10:24:40","modified_gmt":"2024-02-21T13:24:40","slug":"mensagens-dos-presidentes","status":"publish","type":"page","link":"https:\/\/www.abflp.org.br\/congresso\/mensagens-dos-presidentes\/","title":{"rendered":"Mensagens dos presidentes"},"content":{"rendered":"<table style=\"height: 468px;\" width=\"672\">\n<tbody>\n<tr class=\"presidente\">\n<td style=\"vertical-align: text-top;\"><img loading=\"lazy\" decoding=\"async\" class=\"alignnone wp-image-494\" src=\"http:\/\/www.abflp.org.br\/congresso\/wp-content\/uploads\/2017\/10\/Dr-GEZA2.jpg\" alt=\"\" width=\"222\" height=\"223\" srcset=\"https:\/\/www.abflp.org.br\/congresso\/wp-content\/uploads\/2017\/10\/Dr-GEZA2.jpg 332w, https:\/\/www.abflp.org.br\/congresso\/wp-content\/uploads\/2017\/10\/Dr-GEZA2-150x150.jpg 150w, https:\/\/www.abflp.org.br\/congresso\/wp-content\/uploads\/2017\/10\/Dr-GEZA2-300x300.jpg 300w, https:\/\/www.abflp.org.br\/congresso\/wp-content\/uploads\/2017\/10\/Dr-GEZA2-153x153.jpg 153w\" sizes=\"auto, (max-width: 222px) 100vw, 222px\" \/><\/td>\n<td>\n<div><strong style=\"font-size: 22px; margin-left: 10px;\">Dr Geza Laszlo Urmenyi<\/strong><\/div>\n<div style=\"margin-left: 10px;\"><strong style=\"font-size: 18px;\"><br \/>\nPresidente da ABFLP<br \/>\nAssocia\u00e7\u00e3o Brasileira de Fissura l\u00e1bio Palatinas<br \/>\n<\/strong>Gostaria de convid\u00e1-los a participar do XIV Congresso Brasileiro de Fissuras L\u00e1bio Palatinas e Anomalias Craniofaciais (ABFLP) que ocorrera juntamente com o XVII Congresso Brasileiro de Cirurgia Cranio-Maxilo-Facial (ABCCMF) e o 5th Congresso Latinamerican Craniofacial Association (LATICFA). Este evento ocorrera em Capinas -SP no per\u00edodo 28\/08\/2024 \u00e0 01\/09\/2024.<br \/>\nA jun\u00e7\u00e3o destas tr\u00eas associa\u00e7\u00f5es \u00e9 uma f\u00f3rmula de sucesso j\u00e1 comprovada em eventos anteriores. Reunindo o que h\u00e1 de melhor e mais moderno neste evento internacional.Teremos cursos importantes com convidados de renome nacional e internacional em \u00e1reas importantes no tratamento das fissuras l\u00e1bio palatinas e cr\u00e2nio-maxilo-faciais.V\u00e1rios convidados nacionais e internacionais de import\u00e2ncia cient\u00edfica j\u00e1 confirmaram sua presen\u00e7a nas confer\u00eancias e palestras. Envie seu trabalho para nosso evento, sua participa\u00e7\u00e3o \u00e9 importante para nossa \u00e1rea de atua\u00e7\u00e3o.O objetivo principal deste evento \u00e9 agregar os profissionais da \u00e1rea de atua\u00e7\u00e3o, tornando o evento mais participativo e abrindo novos caminhos para os desafios. Promovendo troca de conhecimentos no tratamento de fissuras l\u00e1bio palatinas e anomalias craniofaciais.<\/div>\n<\/td>\n<\/tr>\n<\/tbody>\n<\/table>\n<hr \/>\n<table width=\"672\">\n<tbody>\n<tr class=\"presidente\">\n<td style=\"vertical-align: top;\"><img loading=\"lazy\" decoding=\"async\" class=\"alignnone wp-image-1091 size-full\" style=\"width: 220px; height: 220px; object-fit: contain;\" src=\"http:\/\/www.abflp.org.br\/congresso\/wp-content\/uploads\/2017\/10\/WhatsApp-Image-2024-02-16-at-15.04.05.jpg\" alt=\"\" width=\"495\" height=\"493\" srcset=\"https:\/\/www.abflp.org.br\/congresso\/wp-content\/uploads\/2017\/10\/WhatsApp-Image-2024-02-16-at-15.04.05.jpg 495w, https:\/\/www.abflp.org.br\/congresso\/wp-content\/uploads\/2017\/10\/WhatsApp-Image-2024-02-16-at-15.04.05-150x150.jpg 150w, https:\/\/www.abflp.org.br\/congresso\/wp-content\/uploads\/2017\/10\/WhatsApp-Image-2024-02-16-at-15.04.05-300x300.jpg 300w, https:\/\/www.abflp.org.br\/congresso\/wp-content\/uploads\/2017\/10\/WhatsApp-Image-2024-02-16-at-15.04.05-154x153.jpg 154w\" sizes=\"auto, (max-width: 495px) 100vw, 495px\" \/><\/td>\n<td>\n<div><strong style=\"font-size: 22px; margin-left: 10px; display: block;\">Dr. Antonio Albuquerque de Brito<\/strong><\/div>\n<div style=\"margin-left: 10px;\"><strong style=\"font-size: 18px;\"><br \/>\nPresidente da ABCCMF \u2013 Associa\u00e7\u00e3o Brasileira de Cirurgia Cr\u00e2nio-Maxilo-Facial<br \/>\n<\/strong><\/p>\n<div>De 29 a 31 de agosto desse ano teremos o XVII Congresso Brasileiro de Cirurgia Craniomaxilofacial, na cidade de Campinas\/SP. Esse evento marca os 30 anos de exist\u00eancia da ABCCMF, presente, atuante e representante da Cirurgia Craniomaxilofacial e de bra\u00e7os dados com todas as demais profiss\u00f5es e especialidades que se capilarizam com nossa \u00e1rea de atua\u00e7\u00e3o. Nosso congresso acontece conjuntamente com o XIV Congresso Brasileiro de Fissuras L\u00e1bio Palatinas e Anomalias Craniofaciais e com o 5th Congress Latinamerican Craniofacial Association, e ser\u00e1 contemplado com uma grade cient\u00edfica composta por palestrantes nacionais e internacionais da mais alta representatividade.<\/div>\n<div>Para al\u00e9m da ci\u00eancia, ser\u00e1 tamb\u00e9m um momento precioso de encontros e reencontros.<\/div>\n<div>Contamos com sua estimada presen\u00e7a! At\u00e9 l\u00e1!!<\/div>\n<\/div>\n<\/td>\n<\/tr>\n<\/tbody>\n<\/table>\n<hr \/>\n<table width=\"672\">\n<tbody>\n<tr class=\"presidente\">\n<td style=\"vertical-align: top;\"><img loading=\"lazy\" decoding=\"async\" class=\"alignnone wp-image-1089 size-full\" style=\"width: 220px; height: 220px; object-fit: contain;\" src=\"http:\/\/www.abflp.org.br\/congresso\/wp-content\/uploads\/2024\/02\/Cassio-E-Raposo.jpeg\" alt=\"\" width=\"683\" height=\"1024\" srcset=\"https:\/\/www.abflp.org.br\/congresso\/wp-content\/uploads\/2024\/02\/Cassio-E-Raposo.jpeg 683w, https:\/\/www.abflp.org.br\/congresso\/wp-content\/uploads\/2024\/02\/Cassio-E-Raposo-200x300.jpeg 200w, https:\/\/www.abflp.org.br\/congresso\/wp-content\/uploads\/2024\/02\/Cassio-E-Raposo-102x153.jpeg 102w\" sizes=\"auto, (max-width: 683px) 100vw, 683px\" \/><\/td>\n<td>\n<div><strong style=\"font-size: 22px; margin-left: 10px; display: block;\">Dr. Cassio Eduardo Raposo do Amaral<\/strong><\/div>\n<div style=\"margin-left: 10px;\"><strong style=\"font-size: 18px;\"><br \/>\nPresidente da LATICFA \u2013 Latinamerican Craniofacial Association<\/strong><\/div>\n<div style=\"margin-left: 10px;\"><strong style=\"font-size: 18px;\"><br \/>\n<\/strong><\/p>\n<div><strong>2024 Joint Cleft and Craniofacial Congress<\/strong><\/div>\n<div>\n<div>Organized by:<\/div>\n<div>Latin American Craniofacial Association (LATICFA),<\/div>\n<div>Brazilian Association of Craniofacial Surgery (ABCCMF),<\/div>\n<div>Brazilian Association of Cleft Lip and Palate (ABFLP);<\/div>\n<div><\/div>\n<div>The 2024 Joint Cleft and Craniofacial Congress represents a successful collaboration between the Latin American Craniofacial Association (LATICFA), the Brazilian Association of Craniofacial Surgery (ABCCMF), and the Brazilian Association of Cleft Lip and Palate (ABFLP); three internationally recognized and respected organizations for medical professionals in Latin America and Brazil.<\/div>\n<\/div>\n<div>LATIFCA, founded in 2016, has provided support to numerous cleft centers all over South and Central America.\u00a0 Both the ABCCMF, which was founded in 1994 by pioneering first and second generation Brazilian craniofacial surgeons, and the ABFLP, founded in 1969, have been instrumental in promoting a major shift towards a multidisciplinary approach in cleft treatment and rehabilitation.<\/div>\n<div>Although the ABCCMF and the ABFLP were originally created to address different medical specialties, these two organizations, along with the recently founded LATICFA, collaborated at the 2018 Brazilian Congress to form a unique partnership. The 2018 Congress was sponsored and supported by Smile Train, and endorsed by The Journal of Craniofacial Surgery, which published a special supplement containing Congress abstracts and papers.1\u00a0 This\u00a0 Congress represents the largest combined meeting of these organizations since Cleft 2009; organized by SOBRAPAR Hospital, which was the first ever South American international congress of cleft lip, palate and related craniofacial anomalies.<a href=\"http:\/\/0.0.0.2\/\" target=\"_blank\" rel=\"noreferrer noopener\">2<\/a><\/div>\n<div>The 2018 Congress, which featured guest speakers from fourteen countries, along with representatives from the prestigious Smile Train medical advisory board, launched a new era of collaborative work in the cleft field.<\/div>\n<div>The 2024 Joint Cleft and Craniofacial Congress, which is scheduled to take place in Campinas, Sao Paulo, from August 29th to August 31st, will offer one day of pre-meeting courses, followed by two days of official Congress courses. The pre-meeting courses will take place in three conference rooms. One pre-meeting course, primarily organized by the ABCCMF, will focus on orthognathic surgery in cleft and non-cleft patients. The other two pre-meeting courses, organized by Smile Train, will focus on various aspects of cleft care.<\/div>\n<div>One of the conference rooms will feature a full day of discussions on hot topics, new trends, and new devices for training and education, and will include leaders in their respective fields, as organized by Roberto Flores. During morning focus will be given to virtual reality or Simulare (cleft lip, cleft palate or the newest version of alveolar bone grafting) performed by an expert in the field. During afternoon, safety and quality protocols will be discussed among with teams focusing on how to improve safety, patients adherence and prevention of loss to follow up and compliance to longitudinal follow up.<\/div>\n<div>A third conference room will feature a total of eight hours of presentations, divided equally between speech pathology and orthodontics. The primary objectives of the presentations on speech pathology are to support greater collaboration between surgeons and speech pathologists, and create a Smile Train document that will serve as a guide for VPI treatment in cleft patients at any age.<\/div>\n<div>The four hours of presentations regarding speech pathology will include live VPI patient examinations and extensive discussion.\u00a0 Attendees will be divided in groups, and each group will have an opportunity to discuss diagnoses and possible approaches.\u00a0 Depending on time availability, several specific lectures are planned to be presented, along with discussion of findings, workflow, and treatment provided to examined patients.<\/div>\n<div>The primary objective of the four hours of presentations on orthodontics is to introduce cost effective methods to maximize satisfactory treatment outcomes.<\/div>\n<div>The orthodontic presentations can be in group format, as is the case with speech pathology, or can be provided in lecture format on specific important topics as determined by the committee. The goals will be to offer treatment alternatives to nasoalveolar molding\u00a0 (NAM), and address essential topics such as outcomes of low cost hardware devices, challenges in treating patients with extremely low financial resources, and helping cleft centers access alternative solutions that will provide satisfactory treatment outcomes.<\/div>\n<div>The commercial meeting release occurred on August 23th, and gathered companies from all over the country, which are willing to comply and participate, exposing their materials to our professionals.<\/div>\n<div>I believe that the 2024 Joint Cleft and Craniofacial Congress will serve as a model forum for education and collaboration in cleft treatment care, and will present Smile Train as the premier foundation that supports these endeavors and objectives.\u00a0<a target=\"_blank\" rel=\"noreferrer\">3,<\/a><a target=\"_blank\" rel=\"noreferrer\">4<\/a><\/div>\n<div>\n<div>1.Raposo-Amaral CE, Alonso N, Raposo-Amaral CA, Fisher M, Bradley JP. Brazilian Three-Societal Bi-Annual Meeting: ABCCMF, ABFLP, LATICFA. The Journal of craniofacial surgery 2019;30:628.<\/div>\n<div>2.Raposo-Amaral CE, Warren SM. Highlights from the 11th International Congress on Cleft Palate and Related Craniofacial Anomalies. The Journal of craniofacial surgery 2011;22:781.<\/div>\n<div>3.Raposo-Amaral CE, Denadai R, Alonso N. Three-Dimensional Upper Lip and Nostril Sill Changes After Cleft Alveolus Reconstruction Using Autologous Bone Grafting Versus Recombinant Human Bone Morphogenetic Protein-2. The Journal of craniofacial surgery 2016;27:913-8.<\/div>\n<div>4.Raposo-Amaral CE, Denadai R, Almeida RRG, Marques FF, Lee MM, Raposo-Amaral CA. Does a Premaxillary Setback and Lip Adhesion Have a Negative Impact on Lip Outcome in Bilateral Cleft Patients? The Journal of craniofacial surgery 2017;28:1730-6.<\/div>\n<\/div>\n<\/div>\n<\/td>\n<\/tr>\n<\/tbody>\n<\/table>\n","protected":false},"excerpt":{"rendered":"<p>Dr Geza Laszlo Urmenyi Presidente da ABFLP Associa\u00e7\u00e3o Brasileira de Fissura l\u00e1bio Palatinas Gostaria de convid\u00e1-los a participar do XIV Congresso Brasileiro de Fissuras L\u00e1bio Palatinas e Anomalias Craniofaciais (ABFLP) que ocorrera juntamente com o XVII Congresso Brasileiro de Cirurgia Cranio-Maxilo-Facial (ABCCMF) e o 5th Congresso Latinamerican Craniofacial Association (LATICFA). Este evento ocorrera em Capinas -SP no per\u00edodo 28\/08\/2024 \u00e0 01\/09\/2024. A jun\u00e7\u00e3o destas tr\u00eas associa\u00e7\u00f5es \u00e9 uma f\u00f3rmula de sucesso j\u00e1 comprovada em eventos [&hellip;]<\/p>\n","protected":false},"author":1,"featured_media":0,"parent":0,"menu_order":0,"comment_status":"closed","ping_status":"closed","template":"page-congresso.php","meta":{"_acf_changed":false,"footnotes":""},"class_list":["post-25","page","type-page","status-publish","hentry"],"acf":[],"aioseo_notices":[],"_links":{"self":[{"href":"https:\/\/www.abflp.org.br\/congresso\/wp-json\/wp\/v2\/pages\/25","targetHints":{"allow":["GET"]}}],"collection":[{"href":"https:\/\/www.abflp.org.br\/congresso\/wp-json\/wp\/v2\/pages"}],"about":[{"href":"https:\/\/www.abflp.org.br\/congresso\/wp-json\/wp\/v2\/types\/page"}],"author":[{"embeddable":true,"href":"https:\/\/www.abflp.org.br\/congresso\/wp-json\/wp\/v2\/users\/1"}],"replies":[{"embeddable":true,"href":"https:\/\/www.abflp.org.br\/congresso\/wp-json\/wp\/v2\/comments?post=25"}],"version-history":[{"count":76,"href":"https:\/\/www.abflp.org.br\/congresso\/wp-json\/wp\/v2\/pages\/25\/revisions"}],"predecessor-version":[{"id":1099,"href":"https:\/\/www.abflp.org.br\/congresso\/wp-json\/wp\/v2\/pages\/25\/revisions\/1099"}],"wp:attachment":[{"href":"https:\/\/www.abflp.org.br\/congresso\/wp-json\/wp\/v2\/media?parent=25"}],"curies":[{"name":"wp","href":"https:\/\/api.w.org\/{rel}","templated":true}]}}