{"id":27,"date":"2017-10-27T17:40:38","date_gmt":"2017-10-27T19:40:38","guid":{"rendered":"http:\/\/www.abflp.org.br\/congresso\/?page_id=27"},"modified":"2024-02-21T10:28:22","modified_gmt":"2024-02-21T13:28:22","slug":"comissoes","status":"publish","type":"page","link":"https:\/\/www.abflp.org.br\/congresso\/comissoes\/","title":{"rendered":"Comiss\u00f5es"},"content":{"rendered":"<p><strong>Comiss\u00e3o Organizadora<\/strong><\/p>\n<div>Antonio A. Brito<\/div>\n<div>Cassio Eduardo Raposo do Amaral<\/div>\n<div>Geza l. Urmenyi<\/div>\n<p><strong>Comiss\u00e3o Cient\u00edfica<\/strong><\/p>\n<div>Alvaro Figueroa<\/div>\n<div>Antonio A. Brito<\/div>\n<div>Anelise Sabbag<\/div>\n<div>Cassio Eduardo Raposo do Amaral<\/div>\n<div>Catherine Crowley<\/div>\n<div>Elizabeth Fernandes<\/div>\n<div>Fernando Molina<\/div>\n<div>Geza Urmeyi<\/div>\n<div>Monica Dominguez<\/div>\n<div>Richard Hopper<\/div>\n<div>Roberto Flores<\/div>\n","protected":false},"excerpt":{"rendered":"<p>Comiss\u00e3o Organizadora Antonio A. Brito Cassio Eduardo Raposo do Amaral Geza l. Urmenyi Comiss\u00e3o Cient\u00edfica Alvaro Figueroa Antonio A. Brito Anelise Sabbag Cassio Eduardo Raposo do Amaral Catherine Crowley Elizabeth Fernandes Fernando Molina Geza Urmeyi Monica Dominguez Richard Hopper Roberto Flores<\/p>\n","protected":false},"author":1,"featured_media":0,"parent":0,"menu_order":0,"comment_status":"closed","ping_status":"closed","template":"page-congresso.php","meta":{"_acf_changed":false,"footnotes":""},"class_list":["post-27","page","type-page","status-publish","hentry"],"acf":[],"aioseo_notices":[],"_links":{"self":[{"href":"https:\/\/www.abflp.org.br\/congresso\/wp-json\/wp\/v2\/pages\/27","targetHints":{"allow":["GET"]}}],"collection":[{"href":"https:\/\/www.abflp.org.br\/congresso\/wp-json\/wp\/v2\/pages"}],"about":[{"href":"https:\/\/www.abflp.org.br\/congresso\/wp-json\/wp\/v2\/types\/page"}],"author":[{"embeddable":true,"href":"https:\/\/www.abflp.org.br\/congresso\/wp-json\/wp\/v2\/users\/1"}],"replies":[{"embeddable":true,"href":"https:\/\/www.abflp.org.br\/congresso\/wp-json\/wp\/v2\/comments?post=27"}],"version-history":[{"count":25,"href":"https:\/\/www.abflp.org.br\/congresso\/wp-json\/wp\/v2\/pages\/27\/revisions"}],"predecessor-version":[{"id":1100,"href":"https:\/\/www.abflp.org.br\/congresso\/wp-json\/wp\/v2\/pages\/27\/revisions\/1100"}],"wp:attachment":[{"href":"https:\/\/www.abflp.org.br\/congresso\/wp-json\/wp\/v2\/media?parent=27"}],"curies":[{"name":"wp","href":"https:\/\/api.w.org\/{rel}","templated":true}]}}