{"id":29,"date":"2017-10-27T17:40:57","date_gmt":"2017-10-27T19:40:57","guid":{"rendered":"http:\/\/www.abflp.org.br\/congresso\/?page_id=29"},"modified":"2024-02-21T10:42:12","modified_gmt":"2024-02-21T13:42:12","slug":"sobre-o-centro-e-associacoes","status":"publish","type":"page","link":"https:\/\/www.abflp.org.br\/congresso\/sobre-o-centro-e-associacoes\/","title":{"rendered":"Sobre o Centro e Associa\u00e7\u00f5es"},"content":{"rendered":"<style>\n#topo .logo img{display:none;}<br \/><\/style>\n<p><!--<strong style=\"color: #3763ba;\">DIRETORIA<\/strong>\n\n<strong>ABCCMF \u2013 Associa\u00e7\u00e3o Brasileira de Cirurgia Cr\u00e2nio-Maxilo-Facial\n<\/strong>Presidente \u2013 Endrigo Oliveira Bastos\nVice-Presidente \u2013\u00a0Ant\u00f4nio Albuquerque de Brito\u00a0(MG)\nSecret\u00e1rio Geral \u2013 Arturo Frick Carpes (SP)\nSecret\u00e1rio Adjunto \u2013\u00a0Cassio Eduardo Raposo do Amaral (SP)\nTesoureiro Geral \u2013 Daniel Francisco Mello (SP)\nTesoureiro Adjunto \u2013 Maur\u00edcio Pereira Maniglia (SP)\n\n<strong>ABFLP \u2013 Associa\u00e7\u00e3o Brasileira de Fissuras L\u00e1bio Palatinas\n<\/strong>Presidente - Geza Laszlo Urmenyi\nVice-presidente - Marcelo Vaccari Mazzetti\n1\u00b0 Tesoureira - Elizabeth Castineira Fernandes\n2\u00b0 Tesoureiro - Celso Luiz Buzzo\n1\u00b0 Secret\u00e1ria- Vera L\u00facia Adami Raposo do Amaral\n2\u00b0 Secret\u00e1ria - Anelise Sabbag--><\/p>\n<p><strong style=\"color: #3763ba;\">ABCCMF<\/strong><br \/>\nA Associa\u00e7\u00e3o Brasileira de Cirurgia Cr\u00e2nio-Maxilo-Facial &#8211; ABCCMF foi fundada em 31 de outubro de 1994, com o objetivo principal de promover a troca de informa\u00e7\u00f5es e de novas tecnologias, contribuindo com o desenvolvimento de uma comunidade altamente especializada e qualificada para o atendimento \u00e0s pessoas com deformidades craniofaciais de qualquer natureza.<br \/>\nWebsite: <a href=\"http:\/\/www.abccmf.org.br\/\" target=\"_blank\" rel=\"noopener\">www.abccmf.org.br<\/a><br \/>\n@abccraniomaxilofacial<\/p>\n<p><img loading=\"lazy\" decoding=\"async\" class=\"alignnone wp-image-1103\" src=\"http:\/\/www.abflp.org.br\/congresso\/wp-content\/uploads\/2017\/10\/logo-abccmf-novo-1.png\" alt=\"\" width=\"253\" height=\"101\" srcset=\"https:\/\/www.abflp.org.br\/congresso\/wp-content\/uploads\/2017\/10\/logo-abccmf-novo-1.png 1024w, https:\/\/www.abflp.org.br\/congresso\/wp-content\/uploads\/2017\/10\/logo-abccmf-novo-1-300x120.png 300w, https:\/\/www.abflp.org.br\/congresso\/wp-content\/uploads\/2017\/10\/logo-abccmf-novo-1-768x306.png 768w, https:\/\/www.abflp.org.br\/congresso\/wp-content\/uploads\/2017\/10\/logo-abccmf-novo-1-220x88.png 220w\" sizes=\"auto, (max-width: 253px) 100vw, 253px\" \/><br \/>\n<!--Facebook: <a href=\"https:\/\/www.facebook.com\/abccraniomaxilofacial\" target=\"_blank\" rel=\"noopener\">www.facebook.com\/abccraniomaxilofacial<\/a>--><\/p>\n<hr \/>\n<p><strong style=\"color: #3763ba;\">ABFLP<\/strong><br \/>\nA Associa\u00e7\u00e3o Brasileira de Fissuras L\u00e1bio Palatinas \u2013 ABFLP foi fundada em 10 de novembro de 1969, com o objetivo de congregar especialistas interessados no desenvolvimento assistencial a crian\u00e7as e adultos com fissura labial, fissura palatina e anomalias craniofaciais e suas fam\u00edlias e promover o interc\u00e2mbio cient\u00edfico com demais associa\u00e7\u00f5es cong\u00eaneres atrav\u00e9s de cursos, confer\u00eancias, palestras e reuni\u00f5es, apoiar pesquisas e a troca de conhecimentos.<br \/>\nWebsite: <a href=\"http:\/\/www.abflp.org.br\/\" target=\"_blank\" rel=\"noopener\">www.abflp.org.br<\/a><br \/>\n@abfissuralabiopalatina<\/p>\n<p><img loading=\"lazy\" decoding=\"async\" class=\"alignnone size-full wp-image-1105\" src=\"http:\/\/www.abflp.org.br\/congresso\/wp-content\/uploads\/2017\/10\/logo-abflp-footer-1.png\" alt=\"\" width=\"170\" height=\"165\" srcset=\"https:\/\/www.abflp.org.br\/congresso\/wp-content\/uploads\/2017\/10\/logo-abflp-footer-1.png 170w, https:\/\/www.abflp.org.br\/congresso\/wp-content\/uploads\/2017\/10\/logo-abflp-footer-1-158x153.png 158w\" sizes=\"auto, (max-width: 170px) 100vw, 170px\" \/><br \/>\n<!--Facebook: <a href=\"http:\/\/www.facebook.com\/abfissuralabiopalatina\" target=\"_blank\" rel=\"noopener\">www.facebook.com\/abfissuralabiopalatina<\/a>--><\/p>\n<hr \/>\n<p><strong style=\"color: #3763ba;\">LATICFA<\/strong><br \/>\nA Latinamerican Craniofacial Association &#8211; LATICFA, fundada em 2006, \u00e9 uma sociedade m\u00e9dica internacional, sem fins lucrativos, que congrega profissionais da sa\u00fade que colaboram com a investiga\u00e7\u00e3o, doc\u00eancia, assist\u00eancia e reabilita\u00e7\u00e3o de todas as altera\u00e7\u00f5es craniofaciais.<br \/>\nA LATICFA \u00e9 uma organiza\u00e7\u00e3o que re\u00fane especialistas em mais de 30 disciplinas e tem como principal objetivo promover a comunica\u00e7\u00e3o, forma\u00e7\u00e3o e coopera\u00e7\u00e3o entre todos os seus associados.<br \/>\nWebsite: <a href=\"http:\/\/www.laticfa.org.br\/\">http:\/\/www.laticfa.org.br\/<\/a><br \/>\n<!--Facebook: <a href=\"http:\/\/www.facebook.com\/abfissuralabiopalatina\" target=\"_blank\" rel=\"noopener\">www.facebook.com\/abfissuralabiopalatina<\/a>--><br \/>\n<img loading=\"lazy\" decoding=\"async\" class=\"alignnone  wp-image-1106\" src=\"http:\/\/www.abflp.org.br\/congresso\/wp-content\/uploads\/2017\/10\/WhatsApp-Image-2023-04-20-at-16.55.01.jpg\" alt=\"\" width=\"191\" height=\"150\" srcset=\"https:\/\/www.abflp.org.br\/congresso\/wp-content\/uploads\/2017\/10\/WhatsApp-Image-2023-04-20-at-16.55.01.jpg 578w, https:\/\/www.abflp.org.br\/congresso\/wp-content\/uploads\/2017\/10\/WhatsApp-Image-2023-04-20-at-16.55.01-300x235.jpg 300w, https:\/\/www.abflp.org.br\/congresso\/wp-content\/uploads\/2017\/10\/WhatsApp-Image-2023-04-20-at-16.55.01-195x153.jpg 195w\" sizes=\"auto, (max-width: 191px) 100vw, 191px\" \/><\/p>\n<p>&nbsp;<\/p>\n<p><!--<strong style=\"color: #3763ba;\">DIRETORIA<\/strong>\n\n<strong>ABFLP \u2013 Associa\u00e7\u00e3o Brasileira de Fissuras L\u00e1bio Palatinas\n<\/strong>Presidente \u2013 Geza Laszlo Urmenyi\nVice-presidente \u2013 Marcelo Vaccari Mazzetti\n1\u00b0 Tesoureira \u2013 Elizabeth Castineira Fernandes\n2\u00b0 Tesoureiro \u2013 Celso Luiz Buzzo\n1\u00b0 Secret\u00e1ria- Vera L\u00facia Adami Raposo do Amaral\n2\u00b0 Secret\u00e1ria \u2013 Anelise Sabbag\n\n\n\n<hr \/>\n\n\n\n<strong style=\"color: #3763ba;\">ABFLP<\/strong>\nA Associa\u00e7\u00e3o Brasileira de Fissuras L\u00e1bio Palatinas \u00e9 uma associa\u00e7\u00e3o sem fins lucrativos, fundada em 10 de novembro de 1969 com o objetivo de congregar especialistas interessados no desenvolvimento assistencial a crian\u00e7as e adultos com fissura labial, fissura palatina e anomalias craniofaciais e suas fam\u00edlias.\n\u00c9 seu objetivo, tamb\u00e9m, promover o interc\u00e2mbio cient\u00edfico com demais associa\u00e7\u00f5es cong\u00eaneres atrav\u00e9s de cursos, confer\u00eancias, palestras e reuni\u00f5es, apoiar pesquisas e a troca de conhecimentos.\n\nWebsite: <a href=\"http:\/\/www.abflp.org.br\/\" target=\"_blank\" rel=\"noopener\">www.abflp.org.br<\/a>\nFacebook: <a href=\"http:\/\/www.facebook.com\/abfissuralabiopalatina\" target=\"_blank\" rel=\"noopener\">www.facebook.com\/abfissuralabiopalatina<\/a>\n\n\n\n<hr \/>\n\n\n\n<strong style=\"color: #3763ba;\">Coordena\u00e7\u00e3o<\/strong>\nCADEFI- Centro de Aten\u00e7\u00e3o aos Defeitos da Face do IMIP- CADEFI\nCoordena\u00e7\u00e3o T\u00e9cnica: Dr. Rui Pereira\nCoordena\u00e7\u00e3o Administrativa: Cristina Alc\u00e2ntara\nE-mail: cadefi@imip.org.br\n\n<strong style=\"color: #3763ba;\">CADEFI<\/strong>\nO Centro de Aten\u00e7\u00e3o aos Defeitos da Face do IMIP- CADEFI \u00e9 refer\u00eancia regional no tratamento das fissuras\nl\u00e1bio palatinas e outras anomalias craniofaciais.\nO CADEFI vem evoluindo em t\u00e9cnica e em volume de pacientes (9.000 \/2022,) numa progress\u00e3o que reflete\na excel\u00eancia dos servi\u00e7os prestados, sendo a multidisciplinaridade palavra de ordem no tratamento. A\nequipe \u00e9 composta por profissionais especializados para atender todas as necessidades dos pacientes,\ncoordenada pelo cirurgi\u00e3o pl\u00e1stico, Dr. Rui Pereira. O CADEFI, tamb\u00e9m participa das atividades de Ensino e\nPesquisa.--><\/p>\n","protected":false},"excerpt":{"rendered":"<p>ABCCMF A Associa\u00e7\u00e3o Brasileira de Cirurgia Cr\u00e2nio-Maxilo-Facial &#8211; ABCCMF foi fundada em 31 de outubro de 1994, com o objetivo principal de promover a troca de informa\u00e7\u00f5es e de novas tecnologias, contribuindo com o desenvolvimento de uma comunidade altamente especializada e qualificada para o atendimento \u00e0s pessoas com deformidades craniofaciais de qualquer natureza. Website: www.abccmf.org.br @abccraniomaxilofacial ABFLP A Associa\u00e7\u00e3o Brasileira de Fissuras L\u00e1bio Palatinas \u2013 ABFLP foi fundada em 10 de novembro de 1969, com [&hellip;]<\/p>\n","protected":false},"author":1,"featured_media":0,"parent":0,"menu_order":0,"comment_status":"closed","ping_status":"closed","template":"page-congresso.php","meta":{"_acf_changed":false,"footnotes":""},"class_list":["post-29","page","type-page","status-publish","hentry"],"acf":[],"aioseo_notices":[],"_links":{"self":[{"href":"https:\/\/www.abflp.org.br\/congresso\/wp-json\/wp\/v2\/pages\/29","targetHints":{"allow":["GET"]}}],"collection":[{"href":"https:\/\/www.abflp.org.br\/congresso\/wp-json\/wp\/v2\/pages"}],"about":[{"href":"https:\/\/www.abflp.org.br\/congresso\/wp-json\/wp\/v2\/types\/page"}],"author":[{"embeddable":true,"href":"https:\/\/www.abflp.org.br\/congresso\/wp-json\/wp\/v2\/users\/1"}],"replies":[{"embeddable":true,"href":"https:\/\/www.abflp.org.br\/congresso\/wp-json\/wp\/v2\/comments?post=29"}],"version-history":[{"count":23,"href":"https:\/\/www.abflp.org.br\/congresso\/wp-json\/wp\/v2\/pages\/29\/revisions"}],"predecessor-version":[{"id":1107,"href":"https:\/\/www.abflp.org.br\/congresso\/wp-json\/wp\/v2\/pages\/29\/revisions\/1107"}],"wp:attachment":[{"href":"https:\/\/www.abflp.org.br\/congresso\/wp-json\/wp\/v2\/media?parent=29"}],"curies":[{"name":"wp","href":"https:\/\/api.w.org\/{rel}","templated":true}]}}