{"id":418,"date":"2018-07-27T17:53:50","date_gmt":"2018-07-27T20:53:50","guid":{"rendered":"http:\/\/www.abflp.org.br\/congresso\/?page_id=418"},"modified":"2026-02-27T11:41:08","modified_gmt":"2026-02-27T14:41:08","slug":"inscricoes","status":"publish","type":"page","link":"https:\/\/www.abflp.org.br\/congresso\/inscricoes\/","title":{"rendered":"Inscri\u00e7\u00f5es"},"content":{"rendered":"<p>Fa\u00e7a sua inscri\u00e7\u00e3o<\/p>\n<p>Clique aqui e ser\u00e1 direcionado para a p\u00e1gina de inscri\u00e7\u00f5es<br \/>\n<a href=\"https:\/\/www.congressoabccmf.org.br\/\">https:\/\/www.congressoabccmf.org.br\/<\/a><\/p>\n","protected":false},"excerpt":{"rendered":"<p>Fa\u00e7a sua inscri\u00e7\u00e3o Clique aqui e ser\u00e1 direcionado para a p\u00e1gina de inscri\u00e7\u00f5es https:\/\/www.congressoabccmf.org.br\/<\/p>\n","protected":false},"author":1,"featured_media":0,"parent":0,"menu_order":0,"comment_status":"closed","ping_status":"closed","template":"inscricoes.php","meta":{"_acf_changed":false,"footnotes":""},"class_list":["post-418","page","type-page","status-publish","hentry"],"acf":[],"aioseo_notices":[],"_links":{"self":[{"href":"https:\/\/www.abflp.org.br\/congresso\/wp-json\/wp\/v2\/pages\/418","targetHints":{"allow":["GET"]}}],"collection":[{"href":"https:\/\/www.abflp.org.br\/congresso\/wp-json\/wp\/v2\/pages"}],"about":[{"href":"https:\/\/www.abflp.org.br\/congresso\/wp-json\/wp\/v2\/types\/page"}],"author":[{"embeddable":true,"href":"https:\/\/www.abflp.org.br\/congresso\/wp-json\/wp\/v2\/users\/1"}],"replies":[{"embeddable":true,"href":"https:\/\/www.abflp.org.br\/congresso\/wp-json\/wp\/v2\/comments?post=418"}],"version-history":[{"count":4,"href":"https:\/\/www.abflp.org.br\/congresso\/wp-json\/wp\/v2\/pages\/418\/revisions"}],"predecessor-version":[{"id":1176,"href":"https:\/\/www.abflp.org.br\/congresso\/wp-json\/wp\/v2\/pages\/418\/revisions\/1176"}],"wp:attachment":[{"href":"https:\/\/www.abflp.org.br\/congresso\/wp-json\/wp\/v2\/media?parent=418"}],"curies":[{"name":"wp","href":"https:\/\/api.w.org\/{rel}","templated":true}]}}