{"id":422,"date":"2018-08-06T09:05:42","date_gmt":"2018-08-06T12:05:42","guid":{"rendered":"http:\/\/www.abflp.org.br\/congresso\/?page_id=422"},"modified":"2023-04-19T15:09:17","modified_gmt":"2023-04-19T18:09:17","slug":"palestrantes","status":"publish","type":"page","link":"https:\/\/www.abflp.org.br\/congresso\/palestrantes\/","title":{"rendered":"Palestrantes"},"content":{"rendered":"<p>Alexandre Vieira \u2013 EUA<br \/>\nAna Carolina Xavier<br \/>\nAnelise Sabbag<br \/>\nBruno Dias<br \/>\nCarmem Pamplona &#8211; M\u00e9xico<br \/>\nCassio Eduardo Raposo do Amaral<br \/>\nCelso Buzzo<br \/>\nCesar Augusto Raposo do Amaral<br \/>\nClarissa Dubeux<br \/>\nClaudia Rezende<br \/>\nChrystenise Val\u00e9ria Ferreira<br \/>\nCristiano Tonello<br \/>\nDaniela Bueno<br \/>\nDaniela Garib<br \/>\nDaniela Tanikawa<br \/>\nDavid Pinheiro<br \/>\nD\u00e9bora Foiquinos Krause<br \/>\nElizabeth Fernandes<br \/>\nElyne Lacerda<br \/>\nEnrico Robotti &#8211; It\u00e1lia<br \/>\nErick Hubli &#8211; EUA<br \/>\nEudes Nobrega<br \/>\nGeisiane Cristina Bom<br \/>\nGeza Lazlo<br \/>\nHenrique Cintra<br \/>\nHilton Justino<br \/>\nIsabela Monlleo<br \/>\nJarbas Barbosa<br \/>\nJ\u00falia Petruccelli Rosar<br \/>\nMarcelo Vaccari<br \/>\nMarcone Delmiro<br \/>\nMaria In\u00eas Pegoraro-Krook<br \/>\nMaria Natalia Medeiros<br \/>\nMelissa Zattoni Antoneli<br \/>\nNivaldo Alonso<br \/>\nOlivia Mesquita<br \/>\nPaula Lyra<br \/>\nPablo Ant\u00f4nio Ysunza- EUA<br \/>\nRenato Freitas<br \/>\nRita Tonnocchi<br \/>\nSueli Pietro<br \/>\nTerumi Okada Osawa<br \/>\nVera Lucia Lopes<br \/>\nVera L\u00facia Raposo do Amaral<\/p>\n","protected":false},"excerpt":{"rendered":"<p>Alexandre Vieira \u2013 EUA Ana Carolina Xavier Anelise Sabbag Bruno Dias Carmem Pamplona &#8211; M\u00e9xico Cassio Eduardo Raposo do Amaral Celso Buzzo Cesar Augusto Raposo do Amaral Clarissa Dubeux Claudia Rezende Chrystenise Val\u00e9ria Ferreira Cristiano Tonello Daniela Bueno Daniela Garib Daniela Tanikawa David Pinheiro D\u00e9bora Foiquinos Krause Elizabeth Fernandes Elyne Lacerda Enrico Robotti &#8211; It\u00e1lia Erick Hubli &#8211; EUA Eudes Nobrega Geisiane Cristina Bom Geza Lazlo Henrique Cintra Hilton Justino Isabela Monlleo Jarbas Barbosa J\u00falia [&hellip;]<\/p>\n","protected":false},"author":1,"featured_media":0,"parent":0,"menu_order":0,"comment_status":"closed","ping_status":"closed","template":"page-palestrantes.php","meta":{"_acf_changed":false,"footnotes":""},"class_list":["post-422","page","type-page","status-publish","hentry"],"acf":[],"aioseo_notices":[],"_links":{"self":[{"href":"https:\/\/www.abflp.org.br\/congresso\/wp-json\/wp\/v2\/pages\/422","targetHints":{"allow":["GET"]}}],"collection":[{"href":"https:\/\/www.abflp.org.br\/congresso\/wp-json\/wp\/v2\/pages"}],"about":[{"href":"https:\/\/www.abflp.org.br\/congresso\/wp-json\/wp\/v2\/types\/page"}],"author":[{"embeddable":true,"href":"https:\/\/www.abflp.org.br\/congresso\/wp-json\/wp\/v2\/users\/1"}],"replies":[{"embeddable":true,"href":"https:\/\/www.abflp.org.br\/congresso\/wp-json\/wp\/v2\/comments?post=422"}],"version-history":[{"count":5,"href":"https:\/\/www.abflp.org.br\/congresso\/wp-json\/wp\/v2\/pages\/422\/revisions"}],"predecessor-version":[{"id":1037,"href":"https:\/\/www.abflp.org.br\/congresso\/wp-json\/wp\/v2\/pages\/422\/revisions\/1037"}],"wp:attachment":[{"href":"https:\/\/www.abflp.org.br\/congresso\/wp-json\/wp\/v2\/media?parent=422"}],"curies":[{"name":"wp","href":"https:\/\/api.w.org\/{rel}","templated":true}]}}